{"id":838,"date":"2018-08-29T15:58:28","date_gmt":"2018-08-29T18:58:28","guid":{"rendered":"https:\/\/isfd128-bue.infd.edu.ar\/sitio\/revista-digital\/"},"modified":"2024-05-13T14:30:26","modified_gmt":"2024-05-13T17:30:26","slug":"revista-digital","status":"publish","type":"page","link":"https:\/\/isfd128-bue.infd.edu.ar\/sitio\/revista-digital\/","title":{"rendered":"REVISTA DIGITAL"},"content":{"rendered":"<p style=\"text-align: center;\"><span style=\"font-family: comic sans ms,sans-serif; font-size: 12pt;\"><strong><span style=\"color: #000080;\">\u00a1LOS PRIMEROS ARTICULOS!<\/span><\/strong><\/span><\/p>\n<p style=\"text-align: center;\"><em><strong><span style=\"color: #000080;\">Y CON ELLOS CONSTRUIMOS LA REVISTA DIGITAL.<\/span><\/strong><\/em><\/p>\n<p style=\"text-align: center;\"><span style=\"font-family: 'comic sans ms', sans-serif;\"><strong><span style=\"color: #000080;\">ESPERAMOS SU VISITA Y\u00a0LA CONTRIBUCION DE DOCENTES Y ALUMNOS<\/span><\/strong>.<\/span>\u00a0<img decoding=\"async\" title=\"Gui\u00f1o\" src=\"https:\/\/isfd128-bue.infd.edu.ar\/static\/7.04.04-15\/lib\/javascript\/tinymce\/jscripts\/tiny_mce\/plugins\/emotions\/img\/smiley-wink.gif\" alt=\"Gui\u00f1o\" border=\"0\" \/><\/p>\n<p style=\"text-align: center;\">\n<p><em><span style=\"font-size: 8pt;\">PARA ACCEDER A LOS ARTICULOS HAGA CLICK SOBRE EL TITULO.<\/span><\/em><\/p>\n<p>1. <a title=\"Educaci\u00f3n para la ciudadan\u00eda. Florencia Sosa\" href=\"upload\/Articulo%20de%20Florencia%20Sosa.pdf\" target=\"_blank\" rel=\"noopener\">Educaci\u00f3n para la ciudadan\u00eda<\/a><\/p>\n<p><a title=\"Educaci\u00f3n para la ciudadan\u00eda. Florencia Sosa\" href=\"upload\/Articulo%20de%20Florencia%20Sosa.pdf\" target=\"_blank\" rel=\"noopener\">Florencia Sosa<\/a><\/p>\n<p>2. <a title=\"LA POTENCIA DE LA IMAGEN Y EL CINE COMO RECURSO PEDAG\u00d3GICO\" href=\"upload\/LA%20POTENCIA%20DE%20LA%20IMAGEN%20Y%20EL%20CINE%20COMO%20RECURSO%20PEDAGOGICO.%20ELSA.pdf\" target=\"_blank\" rel=\"noopener\">LA POTENCIA DE LA IMAGEN Y EL CINE COMO RECURSO PEDAG\u00d3GICO<\/a><\/p>\n<p><a title=\"LA POTENCIA DE LA IMAGEN Y EL CINE COMO RECURSO PEDAG\u00d3GICO\" href=\"upload\/LA%20POTENCIA%20DE%20LA%20IMAGEN%20Y%20EL%20CINE%20COMO%20RECURSO%20PEDAGOGICO.%20ELSA.pdf\" target=\"_blank\" rel=\"noopener\">A partir del an\u00e1lisis de la pel\u00edcula \u201c<em>Como una imagen<\/em>\u201d (Agnes Jaoui)<\/a><\/p>\n<p><a title=\"LA POTENCIA DE LA IMAGEN Y EL CINE COMO RECURSO PEDAG\u00d3GICO\" href=\"upload\/LA%20POTENCIA%20DE%20LA%20IMAGEN%20Y%20EL%20CINE%20COMO%20RECURSO%20PEDAGOGICO.%20ELSA.pdf\" target=\"_blank\" rel=\"noopener\">Elsa M. Wendt<\/a><\/p>\n<p><strong>3. <a title=\"Entre lo viejo y lo nuevo, lo que cambia y lo que persiste, la fascinaci\u00f3n y el rechazo.\" href=\"upload\/Entre%20lo%20viejo%20y%20lo%20nuevo..pdf\" target=\"_blank\" rel=\"noopener\">Entre lo viejo y lo nuevo, lo que cambia y lo que persiste, la fascinaci\u00f3n y el rechazo.<\/a><\/strong><\/p>\n<p><a title=\"Entre lo viejo y lo nuevo, lo que cambia y lo que persiste, la fascinaci\u00f3n y el rechazo.\" href=\"upload\/Entre%20lo%20viejo%20y%20lo%20nuevo..pdf\" target=\"_blank\" rel=\"noopener\">Capturando la especificidad de las transformaciones actuales.<\/a><\/p>\n<p><a title=\"Entre lo viejo y lo nuevo, lo que cambia y lo que persiste, la fascinaci\u00f3n y el rechazo.\" href=\"upload\/Entre%20lo%20viejo%20y%20lo%20nuevo..pdf\" target=\"_blank\" rel=\"noopener\">Elsa M. Wendt<\/a><\/p>\n<p>4.<a title=\"LA HISTORIA COMO CAMPO DE CREACI\u00d3N DE SENTIDOS\" href=\"upload\/LA%20HISTORIA%20COMO%20CAMPO%20DE%20CREACION%20DE%20SENTIDOS.pdf\" target=\"_blank\" rel=\"noopener\"> <strong>LA HISTORIA<\/strong><strong> COMO<\/strong><strong> CAMPO DE CREACI\u00d3N DE SENTIDOS<\/strong><\/a><\/p>\n<p><a title=\"LA HISTORIA COMO CAMPO DE CREACI\u00d3N DE SENTIDOS\" href=\"upload\/LA%20HISTORIA%20COMO%20CAMPO%20DE%20CREACION%20DE%20SENTIDOS.pdf\" target=\"_blank\" rel=\"noopener\">Elsa M. Wendt<\/a><\/p>\n<p><strong><em>5. <\/em><\/strong><span style=\"font-size: 12pt;\"><strong><a title=\"RELATO DE UNA EXPERIENCIA DE TRABAJO DESDE LO COGNITIVO-CONDUCTUAL\" href=\"upload\/experiencia%20de%20un%20trabajo%20desde%20lo%20cognitivo-conductual.pdf\" target=\"_blank\" rel=\"noopener\">RELATO DE UNA EXPERIENCIA DE TRABAJO DESDE LO COGNITIVO-CONDUCTUAL <\/a><\/strong><\/span><\/p>\n<p><a title=\"RELATO DE UNA EXPERIENCIA DE TRABAJO DESDE LO COGNITIVO-CONDUCTUAL\" href=\"upload\/experiencia%20de%20un%20trabajo%20desde%20lo%20cognitivo-conductual.pdf\" target=\"_blank\" rel=\"noopener\">Ps. Daniela Vidal<\/a><\/p>\n<p>6. <a title=\"Escuela Y cultura visual en la era digital#DP# aproximaciones conceptuales y metodol\u00f3gicas para estudiar las nuevas condiciones de la escolarizaci\u00f3n.\" href=\"upload\/Seminario_Dussel._MARIANA_PEREZ.docx\" target=\"_blank\" rel=\"noopener\"><strong>Escuela Y cultura visual en la era digital: aproximaciones conceptuales y metodol\u00f3gicas para estudiar las nuevas condiciones de la escolarizaci\u00f3n.<\/strong><\/a><\/p>\n<p><a title=\"Escuela Y cultura visual en la era digital#DP# aproximaciones conceptuales y metodol\u00f3gicas para estudiar las nuevas condiciones de la escolarizaci\u00f3n.\" href=\"upload\/Seminario_Dussel._MARIANA_PEREZ.docx\" target=\"_blank\" rel=\"noopener\">Lic. Mariana P\u00e9rez<\/a><\/p>\n<p>PARA CONTACTARNOS: <a href=\"mailto:enropaci@gmail.com\">enropaci@gmail.com\u00a0<\/a><\/p>\n<div>\n<div>\n<p><span style=\"font-family: Calibri; font-size: 10pt;\">\u00a0<\/span><\/p>\n<\/div>\n<\/div>\n","protected":false},"excerpt":{"rendered":"<p>\u00a1LOS PRIMEROS ARTICULOS! Y CON ELLOS CONSTRUIMOS LA REVISTA DIGITAL. ESPERAMOS SU VISITA Y\u00a0LA CONTRIBUCION DE DOCENTES Y ALUMNOS.\u00a0 PARA ACCEDER A LOS ARTICULOS HAGA CLICK SOBRE EL TITULO. 1. Educaci\u00f3n para la ciudadan\u00eda Florencia Sosa 2. LA POTENCIA DE LA IMAGEN Y EL CINE COMO RECURSO PEDAG\u00d3GICO A partir del an\u00e1lisis de la pel\u00edcula &#8230; <a title=\"REVISTA DIGITAL\" class=\"read-more\" href=\"https:\/\/isfd128-bue.infd.edu.ar\/sitio\/revista-digital\/\" aria-label=\"More on REVISTA DIGITAL\">[+]<\/a><\/p>\n","protected":false},"author":296,"featured_media":0,"parent":0,"menu_order":0,"comment_status":"closed","ping_status":"closed","template":"","meta":[],"acf":[],"_links":{"self":[{"href":"https:\/\/isfd128-bue.infd.edu.ar\/sitio\/wp-json\/wp\/v2\/pages\/838"}],"collection":[{"href":"https:\/\/isfd128-bue.infd.edu.ar\/sitio\/wp-json\/wp\/v2\/pages"}],"about":[{"href":"https:\/\/isfd128-bue.infd.edu.ar\/sitio\/wp-json\/wp\/v2\/types\/page"}],"author":[{"embeddable":true,"href":"https:\/\/isfd128-bue.infd.edu.ar\/sitio\/wp-json\/wp\/v2\/users\/296"}],"replies":[{"embeddable":true,"href":"https:\/\/isfd128-bue.infd.edu.ar\/sitio\/wp-json\/wp\/v2\/comments?post=838"}],"version-history":[{"count":1,"href":"https:\/\/isfd128-bue.infd.edu.ar\/sitio\/wp-json\/wp\/v2\/pages\/838\/revisions"}],"predecessor-version":[{"id":995,"href":"https:\/\/isfd128-bue.infd.edu.ar\/sitio\/wp-json\/wp\/v2\/pages\/838\/revisions\/995"}],"wp:attachment":[{"href":"https:\/\/isfd128-bue.infd.edu.ar\/sitio\/wp-json\/wp\/v2\/media?parent=838"}],"curies":[{"name":"wp","href":"https:\/\/api.w.org\/{rel}","templated":true}]}}