{"id":863,"date":"2018-08-29T15:58:38","date_gmt":"2018-08-29T18:58:38","guid":{"rendered":"https:\/\/isfd128-bue.infd.edu.ar\/sitio\/historia\/"},"modified":"2026-03-16T14:16:32","modified_gmt":"2026-03-16T17:16:32","slug":"historia","status":"publish","type":"page","link":"https:\/\/isfd128-bue.infd.edu.ar\/sitio\/historia\/","title":{"rendered":"Historia"},"content":{"rendered":"<h6 align=\"justify\"><span style=\"font-size: x-small; font-family: verdana,geneva;\">\u00a0\u00a0\u00a0\u00a0\u00a0\u00a0\u00a0<em> \u00a0<\/em><\/span><\/h6>\n<p><strong><em>La Escuela Normal Mixta de San Nicol\u00e1s de los Arroyos, juntamente con la de Mercedes, Dolores y Azul tienen su origen con la Ley N\u00b0 1897 del 16 de noviembre de 1886, durante la Presidencia del Dr. Miguel Ju\u00e1rez Celman y la Intendencia de San Nicol\u00e1s de don Nicol\u00e1s Melit\u00f3n Cernadas. La Escuela Normal se fund\u00f3 como Unidad Acad\u00e9mica en 1.888, con un Departamento de Aplicaci\u00f3n (Nivel primario).<\/em><\/strong><\/p>\n<p><em>\u00a0\u00a0\u00a0\u00a0\u00a0\u00a0\u00a0\u00a0 Fue su Directora fundadora Francisca Gertrudis Armstrong y la Regene Juana Elisa Howard.<\/em><\/p>\n<p><em>\u00a0\u00a0\u00a0\u00a0\u00a0\u00a0\u00a0\u00a0\u00a0La imposici\u00f3n del nombre \u00abRAFAEL OBLIGADO\u00bb, data del 16 de septiembre de 1937, mediante un decreto que valoriza la figura del poeta. Este a\u00f1o se adopta como Himno Oficial de la escuela el del maestro de la instituci\u00f3n profesor Roque V. Lozzi.<\/em><\/p>\n<p><em>\u00a0\u00a0\u00a0\u00a0\u00a0\u00a0\u00a0\u00a0 En 1964 se crean los Profesorados Medios.<\/em><\/p>\n<p><em>\u00a0\u00a0\u00a0\u00a0\u00a0\u00a0\u00a0\u00a0 En 1969, cesa la formaci\u00f3n de maestras tal como la hab\u00eda concebido Sarmiento en el nivel secundario y el 05 de mayo de 1971 se incorpora el Profesorado Elemental que cambiara posteriormente el nombre por Profesorado para la Ense\u00f1anza Primaria y actualmente Profesorado para Primero y Segundo Ciclo de la Educaci\u00f3n General B\u00e1sica.<\/em><\/p>\n<p><em>\u00a0\u00a0\u00a0\u00a0\u00a0\u00a0\u00a0\u00a0 En 1987 la Escuela decide incorporar a la tradicional formaci\u00f3n de Profesores para nivel primario, el Profesorado para la Ense\u00f1anza Preescolar.<\/em><\/p>\n<p><em>\u00a0\u00a0\u00a0\u00a0\u00a0\u00a0\u00a0\u00a0 En 1988 se desprenden de la Instituci\u00f3n los Profesorados Medios, conformando el Instituto Nacional de Ense\u00f1anza Superior, actual ISFD y T\u00a0 N\u00b0 127.<\/em><\/p>\n<p><em>\u00a0\u00a0\u00a0\u00a0\u00a0\u00a0\u00a0\u00a0 El\u00a0 5 de agosto de 1991, se crea el Profesorado Especializado en Retardo Mental, a t\u00e9rmino, a los efectos de dar respuestas a una necesidad de la rama de preparar recursos especializados para el funcionamiento de los servicios a su cargo.<\/em><\/p>\n<p><em>\u00a0\u00a0\u00a0\u00a0\u00a0\u00a0 \u00a0\u00a0\u00a0\u00a0\u00a0\u00a0\u00a0 Desde\u00a0 el 2 de marzo de 1987 asume el Profesor Duilio Jos\u00e9 C\u00e1mpora el Rectorado, por licencia del antiguo rector, siendo su prop\u00f3sito proseguir el rumbo trazado por su predecesor, pero ahond\u00e1ndolo junto con los distintos responsables de cada modalidad.\u00a0<\/em><\/p>\n<p><em>En la tarde del martes 31 de agosto de 2012 dej\u00f3 de existir el profesor Duilio C\u00e1mpora, a los 80 a\u00f1os de edad. El Director Institucional de la Unidad Acad\u00e9mica de la Escuela Normal Superior en Lenguas Vivas \u201cRafael Obligado\u201d y hombre de la cultura y la educaci\u00f3n muri\u00f3 de una afecci\u00f3n cardiaca.<\/em><br \/>\n<em>La noticia conmovi\u00f3 el mundo que lo lig\u00f3 como docente, como hombre de la cultura y como amigo. De todos los sectores surgieron voces de dolor y p\u00e9same por la p\u00e9rdida irreparable de Duilio.<\/em><br \/>\n<em>Sus restos fueron velados desde la medianoche en el Aula Magna de la Escuela Normal, y recibieron sepultura en el Cementerio de San Nicol\u00e1s.<\/em><\/p>\n<p><em>Quien continu\u00f3 en ese lugar fue la profesora Alejandra Rabalo, hasta el momento de su jubilaci\u00f3n.<\/em><\/p>\n<p><strong><em>Actualmente (desde 2020) el prof. Daniel M\u00e9dici ocupa el cargo de Director Institucional de la Unidad Acad\u00e9mica, acompa\u00f1ado por los directivos de cada nivel y el equipo del ISFDyT 128.<\/em><\/strong><\/p>\n<h6 align=\"justify\"><\/h6>\n<p align=\"justify\">\n","protected":false},"excerpt":{"rendered":"<p>\u00a0\u00a0\u00a0\u00a0\u00a0\u00a0\u00a0 \u00a0 La Escuela Normal Mixta de San Nicol\u00e1s de los Arroyos, juntamente con la de Mercedes, Dolores y Azul tienen su origen con la Ley N\u00b0 1897 del 16 de noviembre de 1886, durante la Presidencia del Dr. Miguel Ju\u00e1rez Celman y la Intendencia de San Nicol\u00e1s de don Nicol\u00e1s Melit\u00f3n Cernadas. La Escuela &#8230; <a title=\"Historia\" class=\"read-more\" href=\"https:\/\/isfd128-bue.infd.edu.ar\/sitio\/historia\/\" aria-label=\"More on Historia\">[+]<\/a><\/p>\n","protected":false},"author":296,"featured_media":0,"parent":0,"menu_order":0,"comment_status":"closed","ping_status":"closed","template":"","meta":[],"acf":[],"_links":{"self":[{"href":"https:\/\/isfd128-bue.infd.edu.ar\/sitio\/wp-json\/wp\/v2\/pages\/863"}],"collection":[{"href":"https:\/\/isfd128-bue.infd.edu.ar\/sitio\/wp-json\/wp\/v2\/pages"}],"about":[{"href":"https:\/\/isfd128-bue.infd.edu.ar\/sitio\/wp-json\/wp\/v2\/types\/page"}],"author":[{"embeddable":true,"href":"https:\/\/isfd128-bue.infd.edu.ar\/sitio\/wp-json\/wp\/v2\/users\/296"}],"replies":[{"embeddable":true,"href":"https:\/\/isfd128-bue.infd.edu.ar\/sitio\/wp-json\/wp\/v2\/comments?post=863"}],"version-history":[{"count":3,"href":"https:\/\/isfd128-bue.infd.edu.ar\/sitio\/wp-json\/wp\/v2\/pages\/863\/revisions"}],"predecessor-version":[{"id":1025,"href":"https:\/\/isfd128-bue.infd.edu.ar\/sitio\/wp-json\/wp\/v2\/pages\/863\/revisions\/1025"}],"wp:attachment":[{"href":"https:\/\/isfd128-bue.infd.edu.ar\/sitio\/wp-json\/wp\/v2\/media?parent=863"}],"curies":[{"name":"wp","href":"https:\/\/api.w.org\/{rel}","templated":true}]}}