{"id":919,"date":"2018-08-29T15:59:06","date_gmt":"2018-08-29T18:59:06","guid":{"rendered":"https:\/\/isfd128-bue.infd.edu.ar\/sitio\/informacion-general\/"},"modified":"2026-03-09T16:52:04","modified_gmt":"2026-03-09T19:52:04","slug":"informacion-general","status":"publish","type":"page","link":"https:\/\/isfd128-bue.infd.edu.ar\/sitio\/informacion-general\/","title":{"rendered":"INFORMACION GENERAL"},"content":{"rendered":"<p style=\"text-align: center;\"><span style=\"text-decoration: underline; color: #0000ff;\"><em><strong><span style=\"font-family: verdana,geneva; font-size: 18pt; text-decoration: underline;\">Biblioteca Bernardino Rivadavia<\/span><\/strong><\/em><\/span><\/p>\n<p><span style=\"text-decoration: underline;\">Horario<\/span>: Lunes a viernes de 13 a 17:30 hs. y 17.30 a 22.00<\/p>\n<p><span style=\"font-size: 10pt;\"><strong>A TENER EN CUENTA&#8230;<\/strong><\/span><\/p>\n<ul>\n<li>El uso de la biblioteca y de los materiales para consulta en sala es gratuito.<\/li>\n<li>El retiro de libros para fotocopiar o consultar en el aula se realizar\u00e1 previa entrega del DNI o credencial que acred\u00edtela categor\u00eda de alumno del establecimiento.<\/li>\n<li>El servicio de pr\u00e9stamo a domicilio requiere que el alumno se asocie a la Biblioteca.<\/li>\n<li>Se excluyen del pr\u00e9stamo a domicilio las obras de referencia o material designado como especial.<\/li>\n<li>Los pr\u00e9stamos son personales e intransferibles, y se efectuar\u00e1n por un plazo de tres d\u00edas.<\/li>\n<li>Cualquier otra situaci\u00f3n est\u00e1 enmarcada en el reglamento que asiste a la biblioteca accedido para la consulta, a todo el alumnado y personal de la Instituci\u00f3n.<\/li>\n<li>A trav\u00e9s de este enlace podr\u00e1s conocer m\u00e1s del material con el que disponemos:<\/li>\n<\/ul>\n<p style=\"text-align: center;\"><span style=\"color: #0000ff;\">https:\/\/padlet.com\/is128biblioteca\/biblioteca-infantil-bernardino-rivadavia-isfdyt-n-128-n5g6mpyz58av78ry<\/span><\/p>\n<p style=\"text-align: center;\"><em><strong><span style=\"background-color: #ffcc00; font-family: comic sans ms,sans-serif; font-size: 14pt;\">LOS ESPERAMOS! <\/span><\/strong><\/em><\/p>\n","protected":false},"excerpt":{"rendered":"<p>Biblioteca Bernardino Rivadavia Horario: Lunes a viernes de 13 a 17:30 hs. y 17.30 a 22.00 A TENER EN CUENTA&#8230; El uso de la biblioteca y de los materiales para consulta en sala es gratuito. El retiro de libros para fotocopiar o consultar en el aula se realizar\u00e1 previa entrega del DNI o credencial que &#8230; <a title=\"INFORMACION GENERAL\" class=\"read-more\" href=\"https:\/\/isfd128-bue.infd.edu.ar\/sitio\/informacion-general\/\" aria-label=\"More on INFORMACION GENERAL\">[+]<\/a><\/p>\n","protected":false},"author":296,"featured_media":0,"parent":0,"menu_order":0,"comment_status":"closed","ping_status":"closed","template":"","meta":[],"acf":[],"_links":{"self":[{"href":"https:\/\/isfd128-bue.infd.edu.ar\/sitio\/wp-json\/wp\/v2\/pages\/919"}],"collection":[{"href":"https:\/\/isfd128-bue.infd.edu.ar\/sitio\/wp-json\/wp\/v2\/pages"}],"about":[{"href":"https:\/\/isfd128-bue.infd.edu.ar\/sitio\/wp-json\/wp\/v2\/types\/page"}],"author":[{"embeddable":true,"href":"https:\/\/isfd128-bue.infd.edu.ar\/sitio\/wp-json\/wp\/v2\/users\/296"}],"replies":[{"embeddable":true,"href":"https:\/\/isfd128-bue.infd.edu.ar\/sitio\/wp-json\/wp\/v2\/comments?post=919"}],"version-history":[{"count":2,"href":"https:\/\/isfd128-bue.infd.edu.ar\/sitio\/wp-json\/wp\/v2\/pages\/919\/revisions"}],"predecessor-version":[{"id":1010,"href":"https:\/\/isfd128-bue.infd.edu.ar\/sitio\/wp-json\/wp\/v2\/pages\/919\/revisions\/1010"}],"wp:attachment":[{"href":"https:\/\/isfd128-bue.infd.edu.ar\/sitio\/wp-json\/wp\/v2\/media?parent=919"}],"curies":[{"name":"wp","href":"https:\/\/api.w.org\/{rel}","templated":true}]}}