{"id":927,"date":"2018-08-29T15:59:09","date_gmt":"2018-08-29T18:59:09","guid":{"rendered":"https:\/\/isfd128-bue.infd.edu.ar\/sitio\/cuerpo-de-delegados\/"},"modified":"2026-03-16T14:26:16","modified_gmt":"2026-03-16T17:26:16","slug":"cuerpo-de-delegados","status":"publish","type":"page","link":"https:\/\/isfd128-bue.infd.edu.ar\/sitio\/cuerpo-de-delegados\/","title":{"rendered":"CENTRO DE ESTUDIANTES 2026"},"content":{"rendered":"\n<p><\/p>\n\n\n\n<figure class=\"wp-block-image size-full\"><img decoding=\"async\" loading=\"lazy\" width=\"1047\" height=\"1015\" src=\"https:\/\/isfd128-bue.infd.edu.ar\/sitio\/wp-content\/uploads\/2026\/03\/centro-estudiantes-2026.jpeg\" alt=\"\" class=\"wp-image-1030\" srcset=\"https:\/\/isfd128-bue.infd.edu.ar\/sitio\/wp-content\/uploads\/2026\/03\/centro-estudiantes-2026.jpeg 1047w, https:\/\/isfd128-bue.infd.edu.ar\/sitio\/wp-content\/uploads\/2026\/03\/centro-estudiantes-2026-1000x969.jpeg 1000w, https:\/\/isfd128-bue.infd.edu.ar\/sitio\/wp-content\/uploads\/2026\/03\/centro-estudiantes-2026-768x745.jpeg 768w\" sizes=\"(max-width: 1047px) 100vw, 1047px\" \/><\/figure>\n\n\n\n<p><\/p>\n\n\n<h1><strong>CUERPO<\/strong>&nbsp;<strong>DE DELEGADOS:<\/strong><\/h1>\n<p>En el presente ciclo lectivo a\u00fan no se realizaron las elecciones en cada curso. A la brevedad de contar\u00e1 con esa informaci\u00f3n.&nbsp;<\/p>\n<table style=\"width: 100%;\" border=\"0\" cellspacing=\"0\" cellpadding=\"0\">\n<tbody>\n<tr style=\"background-color: #dae21d;\">\n<td style=\"background-color: #fafeb8; border: 1px solid #100bf3;\">&nbsp;<\/td>\n<td style=\"background-color: #fafeb8; border: 1px solid #100bf3;\">&nbsp;<\/td>\n<td style=\"background-color: #fafeb8; text-align: center; border: 1px solid #100bf3;\"><strong>DELEGADOS<\/strong><\/td>\n<td style=\"background-color: #fafeb8; text-align: center; border: 1px solid #100bf3;\"><strong>DELEGADOS SUPLENTES<\/strong><\/td>\n<\/tr>\n<tr>\n<td style=\"background-color: #fafeb8; text-align: center; border: 1px solid #100bf3;\" rowspan=\"4\"><strong>PROF. INICIAL<\/strong><\/td>\n<td style=\"background-color: #fafeb8; border: 1px solid #100bf3;\"><span style=\"color: #ff0000;\">1er A\u00d1O<\/span><\/td>\n<td style=\"background-color: #fafeb8; border: 1px solid #100bf3;\">&nbsp;<\/td>\n<td style=\"background-color: #fafeb8; border: 1px solid #100bf3;\">&nbsp;<\/td>\n<\/tr>\n<tr>\n<td style=\"background-color: #fafeb8; border: 1px solid #100bf3;\"><span style=\"color: #ff0000;\">2do A\u00d1O<\/span><\/td>\n<td style=\"background-color: #fafeb8; border: 1px solid #100bf3;\">&nbsp;<\/td>\n<td style=\"background-color: #fafeb8; border: 1px solid #100bf3;\">&nbsp;<\/td>\n<\/tr>\n<tr>\n<td style=\"background-color: #fafeb8; border: 1px solid #100bf3;\"><span style=\"color: #ff0000;\">3er A\u00d1O<\/span><\/td>\n<td style=\"background-color: #fafeb8; border: 1px solid #100bf3;\">&nbsp;<\/td>\n<td style=\"background-color: #fafeb8; border: 1px solid #100bf3;\">&nbsp;<\/td>\n<\/tr>\n<tr>\n<td style=\"background-color: #fafeb8; border: 1px solid #100bf3;\"><span style=\"color: #ff0000;\">4to A\u00d1O<\/span><\/td>\n<td style=\"background-color: #fafeb8; border: 1px solid #100bf3;\">&nbsp;<\/td>\n<td style=\"background-color: #fafeb8; border: 1px solid #100bf3;\">&nbsp;<\/td>\n<\/tr>\n<tr>\n<td style=\"background-color: #fafeb8; text-align: center; border: 1px solid #100bf3;\" rowspan=\"4\"><strong>PROF. PRIMARIA<\/strong><\/td>\n<td style=\"background-color: #fafeb8; border: 1px solid #100bf3;\"><span style=\"color: #ff0000;\">1er A\u00d1O<\/span><\/td>\n<td style=\"background-color: #fafeb8; border: 1px solid #100bf3;\">&nbsp;<\/td>\n<td style=\"background-color: #fafeb8; border: 1px solid #100bf3;\">&nbsp;<\/td>\n<\/tr>\n<tr>\n<td style=\"background-color: #fafeb8; border: 1px solid #100bf3;\"><span style=\"color: #ff0000;\">2do A\u00d1O<\/span><\/td>\n<td style=\"background-color: #fafeb8; border: 1px solid #100bf3;\">&nbsp;<\/td>\n<td style=\"background-color: #fafeb8; border: 1px solid #100bf3;\">&nbsp;<\/td>\n<\/tr>\n<tr>\n<td style=\"background-color: #fafeb8; border: 1px solid #100bf3;\"><span style=\"color: #ff0000;\">3er A\u00d1O<\/span><\/td>\n<td style=\"background-color: #fafeb8; border: 1px solid #100bf3;\">&nbsp;<\/td>\n<td style=\"background-color: #fafeb8; border: 1px solid #100bf3;\">&nbsp;<\/td>\n<\/tr>\n<tr>\n<td style=\"background-color: #fafeb8; border: 1px solid #100bf3;\"><span style=\"color: #ff0000;\">4to A\u00d1O<\/span><\/td>\n<td style=\"background-color: #fafeb8; border: 1px solid #100bf3;\">&nbsp;<\/td>\n<td style=\"background-color: #fafeb8; border: 1px solid #100bf3;\">&nbsp;<\/td>\n<\/tr>\n<tr>\n<td style=\"background-color: #fafeb8; text-align: center; border: 1px solid #100bf3;\" rowspan=\"4\"><strong>PROF. ESPECIAL<\/strong><\/td>\n<td style=\"background-color: #fafeb8; border: 1px solid #100bf3;\"><span style=\"color: #ff0000;\">1er A\u00d1O<\/span><\/td>\n<td style=\"background-color: #fafeb8; border: 1px solid #100bf3;\">&nbsp;<\/td>\n<td style=\"background-color: #fafeb8; border: 1px solid #100bf3;\">&nbsp;<\/td>\n<\/tr>\n<tr>\n<td style=\"background-color: #fafeb8; border: 1px solid #100bf3;\"><span style=\"color: #ff0000;\">2do A\u00d1O<\/span><\/td>\n<td style=\"background-color: #fafeb8; border: 1px solid #100bf3;\">&nbsp;<\/td>\n<td style=\"background-color: #fafeb8; border: 1px solid #100bf3;\">&nbsp;<\/td>\n<\/tr>\n<tr>\n<td style=\"background-color: #fafeb8; border: 1px solid #100bf3;\"><span style=\"color: #ff0000;\">3er A\u00d1O<\/span><\/td>\n<td style=\"background-color: #fafeb8; border: 1px solid #100bf3;\">&nbsp;<\/td>\n<td style=\"background-color: #fafeb8; border: 1px solid #100bf3;\">&nbsp;<\/td>\n<\/tr>\n<tr>\n<td style=\"background-color: #fafeb8; border: 1px solid #100bf3;\"><span style=\"color: #ff0000;\">4to A\u00d1O<\/span><\/td>\n<td style=\"background-color: #fafeb8; border: 1px solid #100bf3;\">&nbsp;<\/td>\n<td style=\"background-color: #fafeb8; border: 1px solid #100bf3;\">&nbsp;<\/td>\n<\/tr>\n<tr>\n<td style=\"background-color: #fafeb8; text-align: center; border: 1px solid #100bf3;\" rowspan=\"4\"><strong>PSICOPEDAGOGIA<\/strong><\/td>\n<td style=\"background-color: #fafeb8; border: 1px solid #100bf3;\"><span style=\"color: #ff0000;\">1er A\u00d1O<\/span><\/td>\n<td style=\"background-color: #fafeb8; border: 1px solid #100bf3;\">&nbsp;<\/td>\n<td style=\"background-color: #fafeb8; border: 1px solid #100bf3;\">&nbsp;<\/td>\n<\/tr>\n<tr>\n<td style=\"background-color: #fafeb8; border: 1px solid #100bf3;\"><span style=\"color: #ff0000;\">2do A\u00d1O<\/span><\/td>\n<td style=\"background-color: #fafeb8; border: 1px solid #100bf3;\">&nbsp;<\/td>\n<td style=\"background-color: #fafeb8; border: 1px solid #100bf3;\">&nbsp;<\/td>\n<\/tr>\n<tr>\n<td style=\"background-color: #fafeb8; border: 1px solid #100bf3;\"><span style=\"color: #ff0000;\">3er A\u00d1O<\/span><\/td>\n<td style=\"background-color: #fafeb8; border: 1px solid #100bf3;\">&nbsp;<\/td>\n<td style=\"background-color: #fafeb8; border: 1px solid #100bf3;\">&nbsp;<\/td>\n<\/tr>\n<tr>\n<td style=\"background-color: #fafeb8; border: 1px solid #100bf3;\"><span style=\"color: #ff0000;\">4to A\u00d1O<\/span><\/td>\n<td style=\"background-color: #fafeb8; border: 1px solid #100bf3;\">&nbsp;<\/td>\n<td style=\"background-color: #fafeb8; border: 1px solid #100bf3;\">&nbsp;<\/td>\n<\/tr>\n<\/tbody>\n<\/table>","protected":false},"excerpt":{"rendered":"<p>CUERPO&nbsp;DE DELEGADOS: En el presente ciclo lectivo a\u00fan no se realizaron las elecciones en cada curso. A la brevedad de contar\u00e1 con esa informaci\u00f3n.&nbsp; &nbsp; &nbsp; DELEGADOS DELEGADOS SUPLENTES PROF. INICIAL 1er A\u00d1O &nbsp; &nbsp; 2do A\u00d1O &nbsp; &nbsp; 3er A\u00d1O &nbsp; &nbsp; 4to A\u00d1O &nbsp; &nbsp; PROF. PRIMARIA 1er A\u00d1O &nbsp; &nbsp; 2do A\u00d1O &#8230; <a title=\"CENTRO DE ESTUDIANTES 2026\" class=\"read-more\" href=\"https:\/\/isfd128-bue.infd.edu.ar\/sitio\/cuerpo-de-delegados\/\" aria-label=\"More on CENTRO DE ESTUDIANTES 2026\">[+]<\/a><\/p>\n","protected":false},"author":296,"featured_media":0,"parent":0,"menu_order":0,"comment_status":"closed","ping_status":"closed","template":"","meta":[],"acf":[],"_links":{"self":[{"href":"https:\/\/isfd128-bue.infd.edu.ar\/sitio\/wp-json\/wp\/v2\/pages\/927"}],"collection":[{"href":"https:\/\/isfd128-bue.infd.edu.ar\/sitio\/wp-json\/wp\/v2\/pages"}],"about":[{"href":"https:\/\/isfd128-bue.infd.edu.ar\/sitio\/wp-json\/wp\/v2\/types\/page"}],"author":[{"embeddable":true,"href":"https:\/\/isfd128-bue.infd.edu.ar\/sitio\/wp-json\/wp\/v2\/users\/296"}],"replies":[{"embeddable":true,"href":"https:\/\/isfd128-bue.infd.edu.ar\/sitio\/wp-json\/wp\/v2\/comments?post=927"}],"version-history":[{"count":4,"href":"https:\/\/isfd128-bue.infd.edu.ar\/sitio\/wp-json\/wp\/v2\/pages\/927\/revisions"}],"predecessor-version":[{"id":1031,"href":"https:\/\/isfd128-bue.infd.edu.ar\/sitio\/wp-json\/wp\/v2\/pages\/927\/revisions\/1031"}],"wp:attachment":[{"href":"https:\/\/isfd128-bue.infd.edu.ar\/sitio\/wp-json\/wp\/v2\/media?parent=927"}],"curies":[{"name":"wp","href":"https:\/\/api.w.org\/{rel}","templated":true}]}}